{"id":1425,"date":"2020-05-22T09:33:25","date_gmt":"2020-05-22T09:33:25","guid":{"rendered":"https:\/contatti\/"},"modified":"2025-10-06T08:17:58","modified_gmt":"2025-10-06T08:17:58","slug":"kontact","status":"publish","type":"page","link":"https:\/\/caliciemare.com\/de\/kontact\/","title":{"rendered":"Kontact"},"content":{"rendered":"\t<div class=\"gridable gridable--row\" >\n\t\t\t<div class=\"gridable--col col-6\" >\n\t\t\n<h2>Bleiben Sie in Kontakt mit uns<\/h2>\n<p>&nbsp;<\/p>\n<p>Das Restaurant Calici e Mare befindet sich am Strand von Puntasabbioni vor dem Campingplatz Marina di Venezia. Sie k\u00f6nnen das Restaurant direkt \u00fcber die Stra\u00dfe neben dem Campingplatz erreichen und entlang der Stra\u00dfe parken.<\/p>\n<h2>Folgen Sie uns auf social<\/h2>\n<i class=\"pixcode  pixcode--icon  icon-e-facebook-squared  circle  medium  social\"><\/i>\n<i class=\"pixcode  pixcode--icon  icon-e-instagram  circle  medium  social\"><\/i>\n<h2>WO SIND WIR<\/h2>\n<p>&nbsp;<\/p>\n<p><iframe src=\"https:\/\/www.google.com\/maps\/embed?pb=!1m18!1m12!1m3!1d3444.883366402413!2d12.444429476701913!3d45.436531235283844!2m3!1f0!2f0!3f0!3m2!1i1024!2i768!4f13.1!3m3!1m2!1s0x477ea90da70b2957%3A0x65bd87cfd1d96c75!2sRistorante%20Calici%20e%20Mare!5e1!3m2!1sit!2sit!4v1759738405815!5m2!1sit!2sit\" width=\"600\" height=\"450\" style=\"border:0;\" allowfullscreen=\"\" loading=\"lazy\" referrerpolicy=\"no-referrer-when-downgrade\"><\/iframe><\/p>\n\t<\/div>\n\t<div class=\"gridable--col col-6\" >\n\t\t\n<h2>F\u00fcllen Sie das Formular f\u00fcr Ihre Anfragen aus<\/h2>\n\n<div class=\"wpcf7 no-js\" id=\"wpcf7-f1432-o1\" lang=\"it-IT\" dir=\"ltr\" data-wpcf7-id=\"1432\">\n<div class=\"screen-reader-response\"><p role=\"status\" aria-live=\"polite\" aria-atomic=\"true\"><\/p> <ul><\/ul><\/div>\n<form action=\"\/de\/wp-json\/wp\/v2\/pages\/1425#wpcf7-f1432-o1\" method=\"post\" class=\"wpcf7-form init\" aria-label=\"Modulo di contatto\" novalidate=\"novalidate\" data-status=\"init\">\n<fieldset class=\"hidden-fields-container\"><input type=\"hidden\" name=\"_wpcf7\" value=\"1432\" \/><input type=\"hidden\" name=\"_wpcf7_version\" value=\"6.1.5\" \/><input type=\"hidden\" name=\"_wpcf7_locale\" value=\"it_IT\" \/><input type=\"hidden\" name=\"_wpcf7_unit_tag\" value=\"wpcf7-f1432-o1\" \/><input type=\"hidden\" name=\"_wpcf7_container_post\" value=\"0\" \/><input type=\"hidden\" name=\"_wpcf7_posted_data_hash\" value=\"\" \/>\n<\/fieldset>\n<p>Ihr Name (Pflichtfeld)<br \/>\n    <span class=\"wpcf7-form-control-wrap\" data-name=\"your-name\"><input size=\"40\" maxlength=\"400\" class=\"wpcf7-form-control wpcf7-text wpcf7-validates-as-required\" aria-required=\"true\" aria-invalid=\"false\" value=\"\" type=\"text\" name=\"your-name\" \/><\/span> <\/p>\n\n<p>Ihre E-Mail-Adresse (Pflichtfeld)<br \/>\n    <span class=\"wpcf7-form-control-wrap\" data-name=\"your-email\"><input size=\"40\" maxlength=\"400\" class=\"wpcf7-form-control wpcf7-email wpcf7-validates-as-required wpcf7-text wpcf7-validates-as-email\" aria-required=\"true\" aria-invalid=\"false\" value=\"\" type=\"email\" name=\"your-email\" \/><\/span> <\/p>\n\n<p>Ihre Nachricht<br \/>\n    <span class=\"wpcf7-form-control-wrap\" data-name=\"your-message\"><textarea cols=\"40\" rows=\"10\" maxlength=\"2000\" class=\"wpcf7-form-control wpcf7-textarea\" aria-invalid=\"false\" name=\"your-message\"><\/textarea><\/span> <\/p>\n\n<b>*Um fortzufahren m\u00fcssen Sie unsere Datenschutzerkl\u00e4rung akzeptieren.<\/b>\n\n<p class=\"privacy\">Erwerb der Zustimmung zum Zeitpunkt der Buchung oder Anforderung der Online-Verf\u00fcgbarkeit. \nWir informieren Sie, dass die Daten, die Sie zur Verf\u00fcgung stellen, auf computergest\u00fctzte Weise in \u00dcbereinstimmung mit den in der geltenden Datenschutzgesetzgebung (EU-Verordnung Nr. 679 von 2016) festgelegten Grunds\u00e4tzen verarbeitet werden, um die angeforderten Informationen zu liefern und schlie\u00dflich Best\u00e4tigen Sie die Buchung von  Dienstleistungen. Die vollst\u00e4ndigen Informationen \u00fcber die Methoden und Zwecke der durchgef\u00fchrten Behandlungen sind \u00fcber den folgenden <a title=\"Privacy\"  href=\"\" target=\"_blank\"> Link Datenschutzrichtlinie zug\u00e4nglich <a\/><\/p>\n\n<p class=\"align-form\"><span class=\"wpcf7-form-control-wrap\" data-name=\"acceptance-765\"><span class=\"wpcf7-form-control wpcf7-acceptance\"><span class=\"wpcf7-list-item\"><input type=\"checkbox\" name=\"acceptance-765\" value=\"1\" aria-invalid=\"false\" \/><\/span><\/span><\/span> <span>Ich habe die Informationen zum Datenschutz zur Kenntnis genommen.<\/span><\/p>\n<p class=\"align-form\"><span class=\"wpcf7-form-control-wrap\" data-name=\"acceptance-20\"><span class=\"wpcf7-form-control wpcf7-acceptance optional\"><span class=\"wpcf7-list-item\"><input type=\"checkbox\" name=\"acceptance-20\" value=\"1\" aria-invalid=\"false\" \/><\/span><\/span><\/span> <span>Ich stimme der Zusendung des Newsletters und regelm\u00e4ssiger Informationen \u00fcber Tarife und aktuelle Angebote an die von mir angegebene Adresse zu.<\/span><\/p>\n\n<\/p>\n\n<\/br>\n<p><button class=\"wpcf7-form-control wpcf7-submit qodef-shortcode qodef-m qodef-button qodef-size--normal qodef-layout--outlined\" type=\"submit\"><span class=\"qodef-m-border--top-left\"><\/span><span class=\"qodef-m-border--bottom-right\"><\/span><span class=\"qodef-m-text\">*Send<\/span><\/button><\/p><div class=\"wpcf7-response-output\" aria-hidden=\"true\"><\/div>\n<\/form>\n<\/div>\n\n\t<\/div>\n\t<\/div>\n\n","protected":false},"excerpt":{"rendered":"Bleiben Sie in Kontakt mit uns &nbsp; Das Restaurant Calici e Mare befindet sich am Strand von Puntasabbioni vor dem Campingplatz Marina di Venezia. Sie k\u00f6nnen das Restaurant direkt \u00fcber die Stra\u00dfe neben dem Campingplatz erreichen und entlang der Stra\u00dfe parken. Folgen Sie uns auf social WO SIND WIR &nbsp; F\u00fcllen Sie das Formular f\u00fcr [...]","protected":false},"author":1,"featured_media":0,"parent":0,"menu_order":0,"comment_status":"closed","ping_status":"closed","template":"page-templates\/slideshow.php","meta":{"footnotes":""},"class_list":["post-1425","page","type-page","status-publish","hentry"],"yoast_head":"<!-- This site is optimized with the Yoast SEO plugin v26.0 - https:\/\/yoast.com\/wordpress\/plugins\/seo\/ -->\n<title>Kontact - Calici e mare<\/title>\n<meta name=\"robots\" content=\"index, follow, max-snippet:-1, max-image-preview:large, max-video-preview:-1\" \/>\n<link rel=\"canonical\" href=\"https:\/\/caliciemare.com\/de\/kontact\/\" \/>\n<meta property=\"og:locale\" content=\"de_DE\" \/>\n<meta property=\"og:type\" content=\"article\" \/>\n<meta property=\"og:title\" content=\"Kontact - Calici e mare\" \/>\n<meta property=\"og:url\" content=\"https:\/\/caliciemare.com\/de\/kontact\/\" \/>\n<meta property=\"og:site_name\" content=\"Calici e mare\" \/>\n<meta property=\"article:modified_time\" content=\"2025-10-06T08:17:58+00:00\" \/>\n<meta name=\"twitter:card\" content=\"summary_large_image\" \/>\n<meta name=\"twitter:label1\" content=\"Gesch\u00e4tzte Lesezeit\" \/>\n\t<meta name=\"twitter:data1\" content=\"1\u00a0Minute\" \/>\n<script type=\"application\/ld+json\" class=\"yoast-schema-graph\">{\"@context\":\"https:\/\/schema.org\",\"@graph\":[{\"@type\":\"WebPage\",\"@id\":\"https:\/\/caliciemare.com\/de\/kontact\/\",\"url\":\"https:\/\/caliciemare.com\/de\/kontact\/\",\"name\":\"Kontact - Calici e mare\",\"isPartOf\":{\"@id\":\"https:\/\/caliciemare.com\/de\/#website\"},\"datePublished\":\"2020-05-22T09:33:25+00:00\",\"dateModified\":\"2025-10-06T08:17:58+00:00\",\"breadcrumb\":{\"@id\":\"https:\/\/caliciemare.com\/de\/kontact\/#breadcrumb\"},\"inLanguage\":\"de\",\"potentialAction\":[{\"@type\":\"ReadAction\",\"target\":[\"https:\/\/caliciemare.com\/de\/kontact\/\"]}]},{\"@type\":\"BreadcrumbList\",\"@id\":\"https:\/\/caliciemare.com\/de\/kontact\/#breadcrumb\",\"itemListElement\":[{\"@type\":\"ListItem\",\"position\":1,\"name\":\"Home\",\"item\":\"https:\/\/caliciemare.com\/de\/\"},{\"@type\":\"ListItem\",\"position\":2,\"name\":\"Kontact\"}]},{\"@type\":\"WebSite\",\"@id\":\"https:\/\/caliciemare.com\/de\/#website\",\"url\":\"https:\/\/caliciemare.com\/de\/\",\"name\":\"Calici e mare\",\"description\":\"Marina di Venezia\",\"potentialAction\":[{\"@type\":\"SearchAction\",\"target\":{\"@type\":\"EntryPoint\",\"urlTemplate\":\"https:\/\/caliciemare.com\/de\/?s={search_term_string}\"},\"query-input\":{\"@type\":\"PropertyValueSpecification\",\"valueRequired\":true,\"valueName\":\"search_term_string\"}}],\"inLanguage\":\"de\"}]}<\/script>\n<!-- \/ Yoast SEO plugin. -->","yoast_head_json":{"title":"Kontact - Calici e mare","robots":{"index":"index","follow":"follow","max-snippet":"max-snippet:-1","max-image-preview":"max-image-preview:large","max-video-preview":"max-video-preview:-1"},"canonical":"https:\/\/caliciemare.com\/de\/kontact\/","og_locale":"de_DE","og_type":"article","og_title":"Kontact - Calici e mare","og_url":"https:\/\/caliciemare.com\/de\/kontact\/","og_site_name":"Calici e mare","article_modified_time":"2025-10-06T08:17:58+00:00","twitter_card":"summary_large_image","twitter_misc":{"Gesch\u00e4tzte Lesezeit":"1\u00a0Minute"},"schema":{"@context":"https:\/\/schema.org","@graph":[{"@type":"WebPage","@id":"https:\/\/caliciemare.com\/de\/kontact\/","url":"https:\/\/caliciemare.com\/de\/kontact\/","name":"Kontact - Calici e mare","isPartOf":{"@id":"https:\/\/caliciemare.com\/de\/#website"},"datePublished":"2020-05-22T09:33:25+00:00","dateModified":"2025-10-06T08:17:58+00:00","breadcrumb":{"@id":"https:\/\/caliciemare.com\/de\/kontact\/#breadcrumb"},"inLanguage":"de","potentialAction":[{"@type":"ReadAction","target":["https:\/\/caliciemare.com\/de\/kontact\/"]}]},{"@type":"BreadcrumbList","@id":"https:\/\/caliciemare.com\/de\/kontact\/#breadcrumb","itemListElement":[{"@type":"ListItem","position":1,"name":"Home","item":"https:\/\/caliciemare.com\/de\/"},{"@type":"ListItem","position":2,"name":"Kontact"}]},{"@type":"WebSite","@id":"https:\/\/caliciemare.com\/de\/#website","url":"https:\/\/caliciemare.com\/de\/","name":"Calici e mare","description":"Marina di Venezia","potentialAction":[{"@type":"SearchAction","target":{"@type":"EntryPoint","urlTemplate":"https:\/\/caliciemare.com\/de\/?s={search_term_string}"},"query-input":{"@type":"PropertyValueSpecification","valueRequired":true,"valueName":"search_term_string"}}],"inLanguage":"de"}]}},"_links":{"self":[{"href":"https:\/\/caliciemare.com\/de\/wp-json\/wp\/v2\/pages\/1425","targetHints":{"allow":["GET"]}}],"collection":[{"href":"https:\/\/caliciemare.com\/de\/wp-json\/wp\/v2\/pages"}],"about":[{"href":"https:\/\/caliciemare.com\/de\/wp-json\/wp\/v2\/types\/page"}],"author":[{"embeddable":true,"href":"https:\/\/caliciemare.com\/de\/wp-json\/wp\/v2\/users\/1"}],"replies":[{"embeddable":true,"href":"https:\/\/caliciemare.com\/de\/wp-json\/wp\/v2\/comments?post=1425"}],"version-history":[{"count":5,"href":"https:\/\/caliciemare.com\/de\/wp-json\/wp\/v2\/pages\/1425\/revisions"}],"predecessor-version":[{"id":1709,"href":"https:\/\/caliciemare.com\/de\/wp-json\/wp\/v2\/pages\/1425\/revisions\/1709"}],"wp:attachment":[{"href":"https:\/\/caliciemare.com\/de\/wp-json\/wp\/v2\/media?parent=1425"}],"curies":[{"name":"wp","href":"https:\/\/api.w.org\/{rel}","templated":true}]}}