{"id":1061,"date":"2014-05-30T08:42:12","date_gmt":"2014-05-30T08:42:12","guid":{"rendered":"http:\/\/www.chiosco-verde.com\/frontpage-2\/"},"modified":"2025-04-18T11:19:02","modified_gmt":"2025-04-18T11:19:02","slug":"frontpage","status":"publish","type":"page","link":"https:\/\/caliciemare.com\/de\/frontpage\/","title":{"rendered":"Home Page"},"content":{"rendered":"\t<div class=\"gridable gridable--row\" >\n\t\tundefined<br \/>\n\t<div class=\"gridable--col col-6\" >\n\t\t\n<hgroup class=\"pixcode  pixcode--heading article__headline\">\n\t<h2 class=\"headline__secondary\"><span class=\"first-letter\">\u00dc<\/span>ber <\/h2>\n\t<h1 class=\"headline__primary\">UNS<\/h1>\n<\/hgroup>\n<hr class=\"pixcode  pixcode--separator  separator\"\/>\n<p>Unser Restaurant CALICI E MARE liegt direkt am Meer vor dem Camping Village Marina di Venezia, an einer der sch\u00f6nsten K\u00fcsten von ganz Cavallino-Treporti mit weitl\u00e4ufigem Sandstrand und Naturd\u00fcnen. Hier k\u00f6nnen Sie beim Rauschen der Wellen eine moderne innovative K\u00fcche mit Ihrer Familie, FreundInnen oder KollegInnen genie\u00dfen.<\/p>\n\t<\/div>\n\t<div class=\"gridable--col col-6\" >\n\t\t\n<p style=\"text-align: center;\"><a href=\"https:\/\/caliciemare.com\/wp-content\/uploads\/2020\/05\/chi.siamo_.jpg\"><img fetchpriority=\"high\" decoding=\"async\" class=\"alignnone wp-image-1265 size-full\" src=\"https:\/\/caliciemare.com\/wp-content\/uploads\/2020\/05\/chi.siamo_.jpg\" alt=\"\" width=\"540\" height=\"720\" srcset=\"https:\/\/caliciemare.com\/wp-content\/uploads\/2020\/05\/chi.siamo_.jpg 540w, https:\/\/caliciemare.com\/wp-content\/uploads\/2020\/05\/chi.siamo_-225x300.jpg 225w, https:\/\/caliciemare.com\/wp-content\/uploads\/2020\/05\/chi.siamo_-400x533.jpg 400w\" sizes=\"(max-width: 540px) 100vw, 540px\" \/><\/a><\/p>\n\t<\/div>\n\t<\/div>\n\n","protected":false},"excerpt":{"rendered":"undefined \u00dcber UNS Unser Restaurant CALICI E MARE liegt direkt am Meer vor dem Camping Village Marina di Venezia, an einer der sch\u00f6nsten K\u00fcsten von ganz Cavallino-Treporti mit weitl\u00e4ufigem Sandstrand und Naturd\u00fcnen. Hier k\u00f6nnen Sie beim Rauschen der Wellen eine moderne innovative K\u00fcche mit Ihrer Familie, FreundInnen oder KollegInnen genie\u00dfen.","protected":false},"author":1,"featured_media":1257,"parent":0,"menu_order":0,"comment_status":"closed","ping_status":"closed","template":"","meta":{"footnotes":""},"class_list":["post-1061","page","type-page","status-publish","has-post-thumbnail","hentry"],"yoast_head":"<!-- This site is optimized with the Yoast SEO plugin v26.0 - https:\/\/yoast.com\/wordpress\/plugins\/seo\/ -->\n<title>Chiosco Verde Camping Marina di Venezia<\/title>\n<meta name=\"description\" content=\"Il chiosco Verde \u00e8 il chiosco per eccellenza del camping marina di Venezia.Da quest&#039;anno il servizio a domicilio!\" \/>\n<meta name=\"robots\" content=\"index, follow, max-snippet:-1, max-image-preview:large, max-video-preview:-1\" \/>\n<link rel=\"canonical\" href=\"https:\/\/caliciemare.com\/de\/frontpage\/\" \/>\n<meta property=\"og:locale\" content=\"de_DE\" \/>\n<meta property=\"og:type\" content=\"article\" \/>\n<meta property=\"og:title\" content=\"Chiosco Verde Camping Marina di Venezia\" \/>\n<meta property=\"og:description\" content=\"Il chiosco Verde \u00e8 il chiosco per eccellenza del camping marina di Venezia.Da quest&#039;anno il servizio a domicilio!\" \/>\n<meta property=\"og:url\" content=\"https:\/\/caliciemare.com\/de\/frontpage\/\" \/>\n<meta property=\"og:site_name\" content=\"Calici e mare\" \/>\n<meta property=\"article:modified_time\" content=\"2025-04-18T11:19:02+00:00\" \/>\n<meta property=\"og:image\" content=\"https:\/\/caliciemare.com\/wp-content\/uploads\/2020\/05\/menu-1.jpg\" \/>\n\t<meta property=\"og:image:width\" content=\"768\" \/>\n\t<meta property=\"og:image:height\" content=\"1024\" \/>\n\t<meta property=\"og:image:type\" content=\"image\/jpeg\" \/>\n<meta name=\"twitter:card\" content=\"summary_large_image\" \/>\n<meta name=\"twitter:label1\" content=\"Gesch\u00e4tzte Lesezeit\" \/>\n\t<meta name=\"twitter:data1\" content=\"1\u00a0Minute\" \/>\n<script type=\"application\/ld+json\" class=\"yoast-schema-graph\">{\"@context\":\"https:\/\/schema.org\",\"@graph\":[{\"@type\":\"WebPage\",\"@id\":\"https:\/\/caliciemare.com\/de\/frontpage\/\",\"url\":\"https:\/\/caliciemare.com\/de\/frontpage\/\",\"name\":\"Chiosco Verde Camping Marina di Venezia\",\"isPartOf\":{\"@id\":\"https:\/\/caliciemare.com\/de\/#website\"},\"primaryImageOfPage\":{\"@id\":\"https:\/\/caliciemare.com\/de\/frontpage\/#primaryimage\"},\"image\":{\"@id\":\"https:\/\/caliciemare.com\/de\/frontpage\/#primaryimage\"},\"thumbnailUrl\":\"https:\/\/caliciemare.com\/wp-content\/uploads\/2020\/05\/menu-1.jpg\",\"datePublished\":\"2014-05-30T08:42:12+00:00\",\"dateModified\":\"2025-04-18T11:19:02+00:00\",\"description\":\"Il chiosco Verde \u00e8 il chiosco per eccellenza del camping marina di Venezia.Da quest'anno il servizio a domicilio!\",\"breadcrumb\":{\"@id\":\"https:\/\/caliciemare.com\/de\/frontpage\/#breadcrumb\"},\"inLanguage\":\"de\",\"potentialAction\":[{\"@type\":\"ReadAction\",\"target\":[\"https:\/\/caliciemare.com\/de\/frontpage\/\"]}]},{\"@type\":\"ImageObject\",\"inLanguage\":\"de\",\"@id\":\"https:\/\/caliciemare.com\/de\/frontpage\/#primaryimage\",\"url\":\"https:\/\/caliciemare.com\/wp-content\/uploads\/2020\/05\/menu-1.jpg\",\"contentUrl\":\"https:\/\/caliciemare.com\/wp-content\/uploads\/2020\/05\/menu-1.jpg\",\"width\":768,\"height\":1024},{\"@type\":\"BreadcrumbList\",\"@id\":\"https:\/\/caliciemare.com\/de\/frontpage\/#breadcrumb\",\"itemListElement\":[{\"@type\":\"ListItem\",\"position\":1,\"name\":\"Home\",\"item\":\"https:\/\/caliciemare.com\/de\/\"},{\"@type\":\"ListItem\",\"position\":2,\"name\":\"Home Page\"}]},{\"@type\":\"WebSite\",\"@id\":\"https:\/\/caliciemare.com\/de\/#website\",\"url\":\"https:\/\/caliciemare.com\/de\/\",\"name\":\"Calici e mare\",\"description\":\"Marina di Venezia\",\"potentialAction\":[{\"@type\":\"SearchAction\",\"target\":{\"@type\":\"EntryPoint\",\"urlTemplate\":\"https:\/\/caliciemare.com\/de\/?s={search_term_string}\"},\"query-input\":{\"@type\":\"PropertyValueSpecification\",\"valueRequired\":true,\"valueName\":\"search_term_string\"}}],\"inLanguage\":\"de\"}]}<\/script>\n<!-- \/ Yoast SEO plugin. -->","yoast_head_json":{"title":"Chiosco Verde Camping Marina di Venezia","description":"Il chiosco Verde \u00e8 il chiosco per eccellenza del camping marina di Venezia.Da quest'anno il servizio a domicilio!","robots":{"index":"index","follow":"follow","max-snippet":"max-snippet:-1","max-image-preview":"max-image-preview:large","max-video-preview":"max-video-preview:-1"},"canonical":"https:\/\/caliciemare.com\/de\/frontpage\/","og_locale":"de_DE","og_type":"article","og_title":"Chiosco Verde Camping Marina di Venezia","og_description":"Il chiosco Verde \u00e8 il chiosco per eccellenza del camping marina di Venezia.Da quest'anno il servizio a domicilio!","og_url":"https:\/\/caliciemare.com\/de\/frontpage\/","og_site_name":"Calici e mare","article_modified_time":"2025-04-18T11:19:02+00:00","og_image":[{"width":768,"height":1024,"url":"https:\/\/caliciemare.com\/wp-content\/uploads\/2020\/05\/menu-1.jpg","type":"image\/jpeg"}],"twitter_card":"summary_large_image","twitter_misc":{"Gesch\u00e4tzte Lesezeit":"1\u00a0Minute"},"schema":{"@context":"https:\/\/schema.org","@graph":[{"@type":"WebPage","@id":"https:\/\/caliciemare.com\/de\/frontpage\/","url":"https:\/\/caliciemare.com\/de\/frontpage\/","name":"Chiosco Verde Camping Marina di Venezia","isPartOf":{"@id":"https:\/\/caliciemare.com\/de\/#website"},"primaryImageOfPage":{"@id":"https:\/\/caliciemare.com\/de\/frontpage\/#primaryimage"},"image":{"@id":"https:\/\/caliciemare.com\/de\/frontpage\/#primaryimage"},"thumbnailUrl":"https:\/\/caliciemare.com\/wp-content\/uploads\/2020\/05\/menu-1.jpg","datePublished":"2014-05-30T08:42:12+00:00","dateModified":"2025-04-18T11:19:02+00:00","description":"Il chiosco Verde \u00e8 il chiosco per eccellenza del camping marina di Venezia.Da quest'anno il servizio a domicilio!","breadcrumb":{"@id":"https:\/\/caliciemare.com\/de\/frontpage\/#breadcrumb"},"inLanguage":"de","potentialAction":[{"@type":"ReadAction","target":["https:\/\/caliciemare.com\/de\/frontpage\/"]}]},{"@type":"ImageObject","inLanguage":"de","@id":"https:\/\/caliciemare.com\/de\/frontpage\/#primaryimage","url":"https:\/\/caliciemare.com\/wp-content\/uploads\/2020\/05\/menu-1.jpg","contentUrl":"https:\/\/caliciemare.com\/wp-content\/uploads\/2020\/05\/menu-1.jpg","width":768,"height":1024},{"@type":"BreadcrumbList","@id":"https:\/\/caliciemare.com\/de\/frontpage\/#breadcrumb","itemListElement":[{"@type":"ListItem","position":1,"name":"Home","item":"https:\/\/caliciemare.com\/de\/"},{"@type":"ListItem","position":2,"name":"Home Page"}]},{"@type":"WebSite","@id":"https:\/\/caliciemare.com\/de\/#website","url":"https:\/\/caliciemare.com\/de\/","name":"Calici e mare","description":"Marina di Venezia","potentialAction":[{"@type":"SearchAction","target":{"@type":"EntryPoint","urlTemplate":"https:\/\/caliciemare.com\/de\/?s={search_term_string}"},"query-input":{"@type":"PropertyValueSpecification","valueRequired":true,"valueName":"search_term_string"}}],"inLanguage":"de"}]}},"_links":{"self":[{"href":"https:\/\/caliciemare.com\/de\/wp-json\/wp\/v2\/pages\/1061","targetHints":{"allow":["GET"]}}],"collection":[{"href":"https:\/\/caliciemare.com\/de\/wp-json\/wp\/v2\/pages"}],"about":[{"href":"https:\/\/caliciemare.com\/de\/wp-json\/wp\/v2\/types\/page"}],"author":[{"embeddable":true,"href":"https:\/\/caliciemare.com\/de\/wp-json\/wp\/v2\/users\/1"}],"replies":[{"embeddable":true,"href":"https:\/\/caliciemare.com\/de\/wp-json\/wp\/v2\/comments?post=1061"}],"version-history":[{"count":5,"href":"https:\/\/caliciemare.com\/de\/wp-json\/wp\/v2\/pages\/1061\/revisions"}],"predecessor-version":[{"id":1703,"href":"https:\/\/caliciemare.com\/de\/wp-json\/wp\/v2\/pages\/1061\/revisions\/1703"}],"wp:featuredmedia":[{"embeddable":true,"href":"https:\/\/caliciemare.com\/de\/wp-json\/wp\/v2\/media\/1257"}],"wp:attachment":[{"href":"https:\/\/caliciemare.com\/de\/wp-json\/wp\/v2\/media?parent=1061"}],"curies":[{"name":"wp","href":"https:\/\/api.w.org\/{rel}","templated":true}]}}